{"id":975,"date":"2025-04-16T11:11:57","date_gmt":"2025-04-16T09:11:57","guid":{"rendered":"https:\/\/www.nvevolutia.com\/notizie\/"},"modified":"2025-05-02T12:20:30","modified_gmt":"2025-05-02T10:20:30","slug":"notizie","status":"publish","type":"page","link":"https:\/\/www.nvevolutia.com\/it\/notizie\/","title":{"rendered":"Notizie"},"content":{"rendered":"\t\t<div data-elementor-type=\"wp-page\" data-elementor-id=\"975\" class=\"elementor elementor-975 elementor-779\" data-elementor-post-type=\"page\">\n\t\t\t\t<div class=\"elementor-element elementor-element-f524d42 e-flex e-con-boxed e-con e-parent\" data-id=\"f524d42\" data-element_type=\"container\" data-settings=\"{&quot;background_background&quot;:&quot;classic&quot;}\">\n\t\t\t\t\t<div class=\"e-con-inner\">\n\t\t\t\t<div class=\"elementor-element elementor-element-b8f481e elementor-widget elementor-widget-heading\" data-id=\"b8f481e\" data-element_type=\"widget\" data-widget_type=\"heading.default\">\n\t\t\t\t<div class=\"elementor-widget-container\">\n\t\t\t\t\t<h1 class=\"elementor-heading-title elementor-size-default\">NOTIZIE<\/h1>\t\t\t\t<\/div>\n\t\t\t\t<\/div>\n\t\t\t\t\t<\/div>\n\t\t\t\t<\/div>\n\t\t<div class=\"elementor-element elementor-element-d25651a e-flex e-con-boxed e-con e-parent\" data-id=\"d25651a\" data-element_type=\"container\">\n\t\t\t\t\t<div class=\"e-con-inner\">\n\t\t<div class=\"elementor-element elementor-element-3f39d4e e-con-full e-flex e-con e-child\" data-id=\"3f39d4e\" data-element_type=\"container\">\n\t\t\t\t<div class=\"elementor-element elementor-element-a712ebe elementor-grid-1 elementor-grid-tablet-1 elementor-grid-mobile-1 elementor-posts--thumbnail-top elementor-widget elementor-widget-posts\" data-id=\"a712ebe\" data-element_type=\"widget\" data-settings=\"{&quot;classic_columns&quot;:&quot;1&quot;,&quot;pagination_type&quot;:&quot;numbers&quot;,&quot;classic_columns_tablet&quot;:&quot;1&quot;,&quot;classic_columns_mobile&quot;:&quot;1&quot;,&quot;classic_row_gap&quot;:{&quot;unit&quot;:&quot;px&quot;,&quot;size&quot;:35,&quot;sizes&quot;:[]},&quot;classic_row_gap_tablet&quot;:{&quot;unit&quot;:&quot;px&quot;,&quot;size&quot;:&quot;&quot;,&quot;sizes&quot;:[]},&quot;classic_row_gap_mobile&quot;:{&quot;unit&quot;:&quot;px&quot;,&quot;size&quot;:&quot;&quot;,&quot;sizes&quot;:[]}}\" data-widget_type=\"posts.classic\">\n\t\t\t\t<div class=\"elementor-widget-container\">\n\t\t\t\t\t\t\t<div class=\"elementor-posts-container elementor-posts elementor-posts--skin-classic elementor-grid\">\n\t\t\t\t<article class=\"elementor-post elementor-grid-item post-1055 post type-post status-publish format-standard has-post-thumbnail hentry category-sin-categoria-it\">\n\t\t\t\t<a class=\"elementor-post__thumbnail__link\" href=\"https:\/\/www.nvevolutia.com\/it\/adeguamento-allindustria-4-0-grazie-allivace\/\" tabindex=\"-1\" >\n\t\t\t<div class=\"elementor-post__thumbnail\"><img fetchpriority=\"high\" decoding=\"async\" width=\"550\" height=\"328\" src=\"https:\/\/www.nvevolutia.com\/wp-content\/uploads\/2023\/09\/PARED_DIGITALIZA-2023_02.jpg\" class=\"attachment-large size-large wp-image-699\" alt=\"dfgdfg\" srcset=\"https:\/\/www.nvevolutia.com\/wp-content\/uploads\/2023\/09\/PARED_DIGITALIZA-2023_02.jpg 550w, https:\/\/www.nvevolutia.com\/wp-content\/uploads\/2023\/09\/PARED_DIGITALIZA-2023_02-300x179.jpg 300w\" sizes=\"(max-width: 550px) 100vw, 550px\" \/><\/div>\n\t\t<\/a>\n\t\t\t\t<div class=\"elementor-post__text\">\n\t\t\t\t<h2 class=\"elementor-post__title\">\n\t\t\t<a href=\"https:\/\/www.nvevolutia.com\/it\/adeguamento-allindustria-4-0-grazie-allivace\/\" >\n\t\t\t\tADEGUAMENTO ALL&#8217;INDUSTRIA 4.0 GRAZIE ALL&#8217;IVACE\t\t\t<\/a>\n\t\t<\/h2>\n\t\t\t\t<div class=\"elementor-post__excerpt\">\n\t\t\t<p>NV Evolutia, attraverso la sovvenzione &#8220;DIGITALIZA 2023&#8221; offerta da IVACE (Institut Valenci\u00e0 de Competitivitat Empresarial), ha realizzato il progetto che consiste nell&#8217;implementazione e nell&#8217;avvio di<\/p>\n\t\t<\/div>\n\t\t\n\t\t<a class=\"elementor-post__read-more\" href=\"https:\/\/www.nvevolutia.com\/it\/adeguamento-allindustria-4-0-grazie-allivace\/\" aria-label=\"Leggi tutto ADEGUAMENTO ALL&#8217;INDUSTRIA 4.0 GRAZIE ALL&#8217;IVACE\" tabindex=\"-1\" >\n\t\t\tPer saperne di pi\u00f9 \u00bb\t\t<\/a>\n\n\t\t\t\t<\/div>\n\t\t\t\t<\/article>\n\t\t\t\t<article class=\"elementor-post elementor-grid-item post-1052 post type-post status-publish format-standard has-post-thumbnail hentry category-sin-categoria-it\">\n\t\t\t\t<a class=\"elementor-post__thumbnail__link\" href=\"https:\/\/www.nvevolutia.com\/it\/lnv-riceve-diversi-ordini-del-giorno-dalle-nazioni-unite\/\" tabindex=\"-1\" >\n\t\t\t<div class=\"elementor-post__thumbnail\"><img decoding=\"async\" width=\"550\" height=\"360\" src=\"https:\/\/www.nvevolutia.com\/wp-content\/uploads\/2022\/05\/IMAGEN-WEB-DESARROLLO.jpg\" class=\"attachment-large size-large wp-image-644\" alt=\"\" srcset=\"https:\/\/www.nvevolutia.com\/wp-content\/uploads\/2022\/05\/IMAGEN-WEB-DESARROLLO.jpg 550w, https:\/\/www.nvevolutia.com\/wp-content\/uploads\/2022\/05\/IMAGEN-WEB-DESARROLLO-300x196.jpg 300w\" sizes=\"(max-width: 550px) 100vw, 550px\" \/><\/div>\n\t\t<\/a>\n\t\t\t\t<div class=\"elementor-post__text\">\n\t\t\t\t<h2 class=\"elementor-post__title\">\n\t\t\t<a href=\"https:\/\/www.nvevolutia.com\/it\/lnv-riceve-diversi-ordini-del-giorno-dalle-nazioni-unite\/\" >\n\t\t\t\tL&#8217;NV RICEVE DIVERSI ORDINI DEL GIORNO DALLE NAZIONI UNITE\t\t\t<\/a>\n\t\t<\/h2>\n\t\t\t\t<div class=\"elementor-post__excerpt\">\n\t\t\t<p>In NV Evolutia siamo consapevoli dell&#8217;importanza di curare, mantenere e promuovere azioni che influenzino direttamente la sfera sociale, ambientale ed economica, non solo nei nostri<\/p>\n\t\t<\/div>\n\t\t\n\t\t<a class=\"elementor-post__read-more\" href=\"https:\/\/www.nvevolutia.com\/it\/lnv-riceve-diversi-ordini-del-giorno-dalle-nazioni-unite\/\" aria-label=\"Leggi tutto L&#8217;NV RICEVE DIVERSI ORDINI DEL GIORNO DALLE NAZIONI UNITE\" tabindex=\"-1\" >\n\t\t\tPer saperne di pi\u00f9 \u00bb\t\t<\/a>\n\n\t\t\t\t<\/div>\n\t\t\t\t<\/article>\n\t\t\t\t<article class=\"elementor-post elementor-grid-item post-1049 post type-post status-publish format-standard has-post-thumbnail hentry category-sin-categoria-it\">\n\t\t\t\t<a class=\"elementor-post__thumbnail__link\" href=\"https:\/\/www.nvevolutia.com\/it\/nv-migliora-la-sua-competitivita-con-gli-aiuti-del-governo-regionale-valenciano\/\" tabindex=\"-1\" >\n\t\t\t<div class=\"elementor-post__thumbnail\"><img decoding=\"async\" width=\"550\" height=\"328\" src=\"https:\/\/www.nvevolutia.com\/wp-content\/uploads\/2021\/09\/imagen-blog_generalitat.jpg\" class=\"attachment-large size-large wp-image-632\" alt=\"\" srcset=\"https:\/\/www.nvevolutia.com\/wp-content\/uploads\/2021\/09\/imagen-blog_generalitat.jpg 550w, https:\/\/www.nvevolutia.com\/wp-content\/uploads\/2021\/09\/imagen-blog_generalitat-300x179.jpg 300w\" sizes=\"(max-width: 550px) 100vw, 550px\" \/><\/div>\n\t\t<\/a>\n\t\t\t\t<div class=\"elementor-post__text\">\n\t\t\t\t<h2 class=\"elementor-post__title\">\n\t\t\t<a href=\"https:\/\/www.nvevolutia.com\/it\/nv-migliora-la-sua-competitivita-con-gli-aiuti-del-governo-regionale-valenciano\/\" >\n\t\t\t\tNV MIGLIORA LA SUA COMPETITIVIT\u00c0 CON GLI AIUTI DEL GOVERNO REGIONALE VALENCIANO\t\t\t<\/a>\n\t\t<\/h2>\n\t\t\t\t<div class=\"elementor-post__excerpt\">\n\t\t\t<p>&nbsp; NV Evolutia attraverso la linea &#8220;Aiuti agli investimenti per migliorare la competitivit\u00e0 e la sostenibilit\u00e0 delle PMI industriali nei settori della Comunit\u00e0 Valenciana di<\/p>\n\t\t<\/div>\n\t\t\n\t\t<a class=\"elementor-post__read-more\" href=\"https:\/\/www.nvevolutia.com\/it\/nv-migliora-la-sua-competitivita-con-gli-aiuti-del-governo-regionale-valenciano\/\" aria-label=\"Leggi tutto NV MIGLIORA LA SUA COMPETITIVIT\u00c0 CON GLI AIUTI DEL GOVERNO REGIONALE VALENCIANO\" tabindex=\"-1\" >\n\t\t\tPer saperne di pi\u00f9 \u00bb\t\t<\/a>\n\n\t\t\t\t<\/div>\n\t\t\t\t<\/article>\n\t\t\t\t<article class=\"elementor-post elementor-grid-item post-1046 post type-post status-publish format-standard has-post-thumbnail hentry category-sin-categoria-it\">\n\t\t\t\t<a class=\"elementor-post__thumbnail__link\" href=\"https:\/\/www.nvevolutia.com\/it\/nv-evolutia-cresce-con-la-norma-iso-90012015\/\" tabindex=\"-1\" >\n\t\t\t<div class=\"elementor-post__thumbnail\"><img loading=\"lazy\" decoding=\"async\" width=\"550\" height=\"360\" src=\"https:\/\/www.nvevolutia.com\/wp-content\/uploads\/2021\/06\/IMAGEN_ISO_BLOG-NV.jpg\" class=\"attachment-large size-large wp-image-615\" alt=\"\" srcset=\"https:\/\/www.nvevolutia.com\/wp-content\/uploads\/2021\/06\/IMAGEN_ISO_BLOG-NV.jpg 550w, https:\/\/www.nvevolutia.com\/wp-content\/uploads\/2021\/06\/IMAGEN_ISO_BLOG-NV-300x196.jpg 300w\" sizes=\"(max-width: 550px) 100vw, 550px\" \/><\/div>\n\t\t<\/a>\n\t\t\t\t<div class=\"elementor-post__text\">\n\t\t\t\t<h2 class=\"elementor-post__title\">\n\t\t\t<a href=\"https:\/\/www.nvevolutia.com\/it\/nv-evolutia-cresce-con-la-norma-iso-90012015\/\" >\n\t\t\t\tNV EVOLUTIA CRESCE CON LA NORMA ISO 9001:2015\t\t\t<\/a>\n\t\t<\/h2>\n\t\t\t\t<div class=\"elementor-post__excerpt\">\n\t\t\t<p>NV promuove la qualit\u00e0 come elemento fondamentale per il raggiungimento dei suoi obiettivi, il consolidamento dell&#8217;azienda e la sua crescita. Pertanto, in un processo durato<\/p>\n\t\t<\/div>\n\t\t\n\t\t<a class=\"elementor-post__read-more\" href=\"https:\/\/www.nvevolutia.com\/it\/nv-evolutia-cresce-con-la-norma-iso-90012015\/\" aria-label=\"Leggi tutto NV EVOLUTIA CRESCE CON LA NORMA ISO 9001:2015\" tabindex=\"-1\" >\n\t\t\tPer saperne di pi\u00f9 \u00bb\t\t<\/a>\n\n\t\t\t\t<\/div>\n\t\t\t\t<\/article>\n\t\t\t\t<article class=\"elementor-post elementor-grid-item post-1044 post type-post status-publish format-standard hentry category-sin-categoria-it\">\n\t\t\t\t<div class=\"elementor-post__text\">\n\t\t\t\t<h2 class=\"elementor-post__title\">\n\t\t\t<a href=\"https:\/\/www.nvevolutia.com\/it\/nv-beneficiario-delle-sovvenzioni-dellajuntament-dontinyent-per-lo-sviluppo-di-prodotti\/\" >\n\t\t\t\tNV BENEFICIARIO DELLE SOVVENZIONI DELL&#8217;AJUNTAMENT D&#8217;ONTINYENT PER LO SVILUPPO DI PRODOTTI.\t\t\t<\/a>\n\t\t<\/h2>\n\t\t\t\t<div class=\"elementor-post__excerpt\">\n\t\t\t<p>L&#8217;azienda NV EVOLUTIA, S.L. \u00e8 stata beneficiaria della linea &#8220;Aiuti per contribuire allo sviluppo di dispositivi medici e di protezione personale che contribuiscono al riorientamento<\/p>\n\t\t<\/div>\n\t\t\n\t\t<a class=\"elementor-post__read-more\" href=\"https:\/\/www.nvevolutia.com\/it\/nv-beneficiario-delle-sovvenzioni-dellajuntament-dontinyent-per-lo-sviluppo-di-prodotti\/\" aria-label=\"Leggi tutto NV BENEFICIARIO DELLE SOVVENZIONI DELL&#8217;AJUNTAMENT D&#8217;ONTINYENT PER LO SVILUPPO DI PRODOTTI.\" tabindex=\"-1\" >\n\t\t\tPer saperne di pi\u00f9 \u00bb\t\t<\/a>\n\n\t\t\t\t<\/div>\n\t\t\t\t<\/article>\n\t\t\t\t<article class=\"elementor-post elementor-grid-item post-1039 post type-post status-publish format-standard has-post-thumbnail hentry category-sin-categoria-it\">\n\t\t\t\t<a class=\"elementor-post__thumbnail__link\" href=\"https:\/\/www.nvevolutia.com\/it\/sviluppo-di-nuove-applicazioni-tnt-per-maschere-e-camici\/\" tabindex=\"-1\" >\n\t\t\t<div class=\"elementor-post__thumbnail\"><img loading=\"lazy\" decoding=\"async\" width=\"660\" height=\"321\" src=\"https:\/\/www.nvevolutia.com\/wp-content\/uploads\/2021\/01\/Ivace-Declaracion-cs-1024x498.png\" class=\"attachment-large size-large wp-image-550\" alt=\"\" srcset=\"https:\/\/www.nvevolutia.com\/wp-content\/uploads\/2021\/01\/Ivace-Declaracion-cs-1024x498.png 1024w, https:\/\/www.nvevolutia.com\/wp-content\/uploads\/2021\/01\/Ivace-Declaracion-cs-300x146.png 300w, https:\/\/www.nvevolutia.com\/wp-content\/uploads\/2021\/01\/Ivace-Declaracion-cs.png 1116w\" sizes=\"(max-width: 660px) 100vw, 660px\" \/><\/div>\n\t\t<\/a>\n\t\t\t\t<div class=\"elementor-post__text\">\n\t\t\t\t<h2 class=\"elementor-post__title\">\n\t\t\t<a href=\"https:\/\/www.nvevolutia.com\/it\/sviluppo-di-nuove-applicazioni-tnt-per-maschere-e-camici\/\" >\n\t\t\t\tSVILUPPO DI NUOVE APPLICAZIONI TNT PER MASCHERE E CAMICI\t\t\t<\/a>\n\t\t<\/h2>\n\t\t\t\t<div class=\"elementor-post__excerpt\">\n\t\t\t<p>&nbsp; La societ\u00e0 NV EVOLUTIA, S.L. ha realizzato un progetto di INNOVAZIONE DI PRODOTTO per la risposta alle emergenze sanitarie (INNOVAProD-CV Covid) attraverso lo sviluppo<\/p>\n\t\t<\/div>\n\t\t\n\t\t<a class=\"elementor-post__read-more\" href=\"https:\/\/www.nvevolutia.com\/it\/sviluppo-di-nuove-applicazioni-tnt-per-maschere-e-camici\/\" aria-label=\"Leggi tutto SVILUPPO DI NUOVE APPLICAZIONI TNT PER MASCHERE E CAMICI\" tabindex=\"-1\" >\n\t\t\tPer saperne di pi\u00f9 \u00bb\t\t<\/a>\n\n\t\t\t\t<\/div>\n\t\t\t\t<\/article>\n\t\t\t\t<article class=\"elementor-post elementor-grid-item post-1036 post type-post status-publish format-standard has-post-thumbnail hentry category-sin-categoria-it\">\n\t\t\t\t<a class=\"elementor-post__thumbnail__link\" href=\"https:\/\/www.nvevolutia.com\/it\/nv-evolutia-promuove-la-digitalizzazione-dellazienda-con-ivace\/\" tabindex=\"-1\" >\n\t\t\t<div class=\"elementor-post__thumbnail\"><img loading=\"lazy\" decoding=\"async\" width=\"660\" height=\"283\" src=\"https:\/\/www.nvevolutia.com\/wp-content\/uploads\/2020\/09\/FEDER-Ivace-Declaracion-CS-1024x439.png\" class=\"attachment-large size-large wp-image-537\" alt=\"\" srcset=\"https:\/\/www.nvevolutia.com\/wp-content\/uploads\/2020\/09\/FEDER-Ivace-Declaracion-CS-1024x439.png 1024w, https:\/\/www.nvevolutia.com\/wp-content\/uploads\/2020\/09\/FEDER-Ivace-Declaracion-CS-300x128.png 300w\" sizes=\"(max-width: 660px) 100vw, 660px\" \/><\/div>\n\t\t<\/a>\n\t\t\t\t<div class=\"elementor-post__text\">\n\t\t\t\t<h2 class=\"elementor-post__title\">\n\t\t\t<a href=\"https:\/\/www.nvevolutia.com\/it\/nv-evolutia-promuove-la-digitalizzazione-dellazienda-con-ivace\/\" >\n\t\t\t\tNV EVOLUTIA PROMUOVE LA DIGITALIZZAZIONE DELL&#8217;AZIENDA CON IVACE\t\t\t<\/a>\n\t\t<\/h2>\n\t\t\t\t<div class=\"elementor-post__excerpt\">\n\t\t\t<p>L&#8217;IVACE (Institut Valenci\u00e0 de Competitivitat Empresarial) promuove i nuovi sviluppi tecnologici dell&#8217;industria valenciana affinch\u00e9 possa evolversi e posizionarsi come settore di riferimento forte, competitivo e<\/p>\n\t\t<\/div>\n\t\t\n\t\t<a class=\"elementor-post__read-more\" href=\"https:\/\/www.nvevolutia.com\/it\/nv-evolutia-promuove-la-digitalizzazione-dellazienda-con-ivace\/\" aria-label=\"Leggi tutto NV EVOLUTIA PROMUOVE LA DIGITALIZZAZIONE DELL&#8217;AZIENDA CON IVACE\" tabindex=\"-1\" >\n\t\t\tPer saperne di pi\u00f9 \u00bb\t\t<\/a>\n\n\t\t\t\t<\/div>\n\t\t\t\t<\/article>\n\t\t\t\t<article class=\"elementor-post elementor-grid-item post-1096 post type-post status-publish format-standard has-post-thumbnail hentry category-sin-categoria-it\">\n\t\t\t\t<a class=\"elementor-post__thumbnail__link\" href=\"https:\/\/www.nvevolutia.com\/it\/nv-cuenta-con-la-certificacion-medioambiental-fsc\/\" tabindex=\"-1\" >\n\t\t\t<div class=\"elementor-post__thumbnail\"><img loading=\"lazy\" decoding=\"async\" width=\"660\" height=\"528\" src=\"https:\/\/www.nvevolutia.com\/wp-content\/uploads\/2025\/04\/Actualizacio\u2560un-Noticia-FSC-Web-.jpg\" class=\"attachment-large size-large wp-image-1593\" alt=\"Nonwoven bio\" srcset=\"https:\/\/www.nvevolutia.com\/wp-content\/uploads\/2025\/04\/Actualizacio\u2560un-Noticia-FSC-Web-.jpg 1024w, https:\/\/www.nvevolutia.com\/wp-content\/uploads\/2025\/04\/Actualizacio\u2560un-Noticia-FSC-Web--300x240.jpg 300w, https:\/\/www.nvevolutia.com\/wp-content\/uploads\/2025\/04\/Actualizacio\u2560un-Noticia-FSC-Web--768x614.jpg 768w\" sizes=\"(max-width: 660px) 100vw, 660px\" \/><\/div>\n\t\t<\/a>\n\t\t\t\t<div class=\"elementor-post__text\">\n\t\t\t\t<h2 class=\"elementor-post__title\">\n\t\t\t<a href=\"https:\/\/www.nvevolutia.com\/it\/nv-cuenta-con-la-certificacion-medioambiental-fsc\/\" >\n\t\t\t\tNV cuenta con la certificaci\u00f3n medioambiental FSC\t\t\t<\/a>\n\t\t<\/h2>\n\t\t\t\t<div class=\"elementor-post__excerpt\">\n\t\t\t<p>La certificazione FSC rende NV un marchio sostenibile e rispettoso dell&#8217;ambiente In NV Evolutia crediamo che la sostenibilit\u00e0 non sia una tendenza, ma una responsabilit\u00e0.<\/p>\n\t\t<\/div>\n\t\t\n\t\t<a class=\"elementor-post__read-more\" href=\"https:\/\/www.nvevolutia.com\/it\/nv-cuenta-con-la-certificacion-medioambiental-fsc\/\" aria-label=\"Leggi tutto NV cuenta con la certificaci\u00f3n medioambiental FSC\" tabindex=\"-1\" >\n\t\t\tPer saperne di pi\u00f9 \u00bb\t\t<\/a>\n\n\t\t\t\t<\/div>\n\t\t\t\t<\/article>\n\t\t\t\t<\/div>\n\t\t\n\t\t\t\t<div class=\"e-load-more-anchor\" data-page=\"1\" data-max-page=\"2\" data-next-page=\"https:\/\/www.nvevolutia.com\/it\/wp-json\/wp\/v2\/pages\/975\/page\/2\/\"><\/div>\n\t\t\t\t<nav class=\"elementor-pagination\" aria-label=\"Paginazione\">\n\t\t\t<span aria-current=\"page\" class=\"page-numbers current\"><span class=\"elementor-screen-only\">Pagina<\/span>1<\/span>\n<a class=\"page-numbers\" href=\"https:\/\/www.nvevolutia.com\/it\/wp-json\/wp\/v2\/pages\/975\/page\/2\/\"><span class=\"elementor-screen-only\">Pagina<\/span>2<\/a>\t\t<\/nav>\n\t\t\t\t\t\t<\/div>\n\t\t\t\t<\/div>\n\t\t\t\t<\/div>\n\t\t<div class=\"elementor-element elementor-element-cf4b964 e-con-full e-flex e-con e-child\" data-id=\"cf4b964\" data-element_type=\"container\">\n\t\t\t\t<div class=\"elementor-element elementor-element-cfdf055 elementor-widget elementor-widget-sidebar\" data-id=\"cfdf055\" data-element_type=\"widget\" data-widget_type=\"sidebar.default\">\n\t\t\t\t<div class=\"elementor-widget-container\">\n\t\t\t\t\t\n\t\t<aside id=\"recent-posts-2\" class=\"widget widget_recent_entries\">\n\t\t<h2 class=\"widget-title\">Ultime pubblicazioni\n<\/h2>\n\t\t<ul>\n\t\t\t\t\t\t\t\t\t\t\t<li>\n\t\t\t\t\t<a href=\"https:\/\/www.nvevolutia.com\/it\/adeguamento-allindustria-4-0-grazie-allivace\/\">ADEGUAMENTO ALL&#8217;INDUSTRIA 4.0 GRAZIE ALL&#8217;IVACE<\/a>\n\t\t\t\t\t\t\t\t\t<\/li>\n\t\t\t\t\t\t\t\t\t\t\t<li>\n\t\t\t\t\t<a href=\"https:\/\/www.nvevolutia.com\/it\/lnv-riceve-diversi-ordini-del-giorno-dalle-nazioni-unite\/\">L&#8217;NV RICEVE DIVERSI ORDINI DEL GIORNO DALLE NAZIONI UNITE<\/a>\n\t\t\t\t\t\t\t\t\t<\/li>\n\t\t\t\t\t\t\t\t\t\t\t<li>\n\t\t\t\t\t<a href=\"https:\/\/www.nvevolutia.com\/it\/nv-migliora-la-sua-competitivita-con-gli-aiuti-del-governo-regionale-valenciano\/\">NV MIGLIORA LA SUA COMPETITIVIT\u00c0 CON GLI AIUTI DEL GOVERNO REGIONALE VALENCIANO<\/a>\n\t\t\t\t\t\t\t\t\t<\/li>\n\t\t\t\t\t\t\t\t\t\t\t<li>\n\t\t\t\t\t<a href=\"https:\/\/www.nvevolutia.com\/it\/nv-evolutia-cresce-con-la-norma-iso-90012015\/\">NV EVOLUTIA CRESCE CON LA NORMA ISO 9001:2015<\/a>\n\t\t\t\t\t\t\t\t\t<\/li>\n\t\t\t\t\t\t\t\t\t\t\t<li>\n\t\t\t\t\t<a href=\"https:\/\/www.nvevolutia.com\/it\/nv-beneficiario-delle-sovvenzioni-dellajuntament-dontinyent-per-lo-sviluppo-di-prodotti\/\">NV BENEFICIARIO DELLE SOVVENZIONI DELL&#8217;AJUNTAMENT D&#8217;ONTINYENT PER LO SVILUPPO DI PRODOTTI.<\/a>\n\t\t\t\t\t\t\t\t\t<\/li>\n\t\t\t\t\t<\/ul>\n\n\t\t<\/aside><aside id=\"archives-2\" class=\"widget widget_archive\"><h2 class=\"widget-title\">Archivio\n<\/h2>\n\t\t\t<ul>\n\t\t\t\t\t<li><a href='https:\/\/www.nvevolutia.com\/it\/2025\/04\/'>Aprile 2025<\/a><\/li>\n\t<li><a href='https:\/\/www.nvevolutia.com\/it\/2015\/07\/'>Luglio 2015<\/a><\/li>\n\t<li><a href='https:\/\/www.nvevolutia.com\/it\/2015\/05\/'>Maggio 2015<\/a><\/li>\n\t<li><a href='https:\/\/www.nvevolutia.com\/it\/2015\/03\/'>Marzo 2015<\/a><\/li>\n\t\t\t<\/ul>\n\n\t\t\t<\/aside><aside id=\"categories-2\" class=\"widget widget_categories\"><h2 class=\"widget-title\">Categorie\n<\/h2>\n\t\t\t<ul>\n\t\t\t\t\t<li class=\"cat-item cat-item-4\"><a href=\"https:\/\/www.nvevolutia.com\/it\/category\/sin-categoria-it\/\">Sin categor\u00eda @it<\/a>\n<\/li>\n\t\t\t<\/ul>\n\n\t\t\t<\/aside><aside id=\"meta-2\" class=\"widget widget_meta\"><h2 class=\"widget-title\">Obiettivo\n<\/h2>\n\t\t<ul>\n\t\t\t\t\t\t<li><a rel=\"nofollow\" href=\"https:\/\/www.nvevolutia.com\/it\/administrador\/\">Accedi<\/a><\/li>\n\t\t\t<li><a href=\"https:\/\/www.nvevolutia.com\/it\/feed\/\">Feed dei contenuti<\/a><\/li>\n\t\t\t<li><a href=\"https:\/\/www.nvevolutia.com\/it\/comments\/feed\/\">Feed dei commenti<\/a><\/li>\n\n\t\t\t<li><a href=\"https:\/\/it.wordpress.org\/\">WordPress.org<\/a><\/li>\n\t\t<\/ul>\n\n\t\t<\/aside>\t\t\t\t<\/div>\n\t\t\t\t<\/div>\n\t\t\t\t<\/div>\n\t\t\t\t\t<\/div>\n\t\t\t\t<\/div>\n\t\t\t\t<\/div>\n\t\t","protected":false},"excerpt":{"rendered":"<p>NOTIZIE<\/p>\n","protected":false},"author":1,"featured_media":0,"parent":0,"menu_order":0,"comment_status":"closed","ping_status":"closed","template":"elementor_header_footer","meta":{"_joinchat":[],"footnotes":""},"class_list":["post-975","page","type-page","status-publish","hentry"],"yoast_head":"<!-- This site is optimized with the Yoast SEO plugin v24.8.1 - https:\/\/yoast.com\/wordpress\/plugins\/seo\/ -->\n<title>Notizie - NVEVOLUTIA<\/title>\n<meta name=\"robots\" content=\"index, follow, max-snippet:-1, max-image-preview:large, max-video-preview:-1\" \/>\n<link rel=\"canonical\" href=\"https:\/\/www.nvevolutia.com\/it\/notizie\/\" \/>\n<meta property=\"og:locale\" content=\"it_IT\" \/>\n<meta property=\"og:type\" content=\"article\" \/>\n<meta property=\"og:title\" content=\"Notizie - NVEVOLUTIA\" \/>\n<meta property=\"og:description\" content=\"NOTIZIE\" \/>\n<meta property=\"og:url\" content=\"https:\/\/www.nvevolutia.com\/it\/notizie\/\" \/>\n<meta property=\"og:site_name\" content=\"NVEVOLUTIA\" \/>\n<meta property=\"article:modified_time\" content=\"2025-05-02T10:20:30+00:00\" \/>\n<meta name=\"twitter:label1\" content=\"Tempo di lettura stimato\" \/>\n\t<meta name=\"twitter:data1\" content=\"7 minuti\" \/>\n<script type=\"application\/ld+json\" class=\"yoast-schema-graph\">{\"@context\":\"https:\/\/schema.org\",\"@graph\":[{\"@type\":\"WebPage\",\"@id\":\"https:\/\/www.nvevolutia.com\/it\/notizie\/\",\"url\":\"https:\/\/www.nvevolutia.com\/it\/notizie\/\",\"name\":\"Notizie - NVEVOLUTIA\",\"isPartOf\":{\"@id\":\"https:\/\/www.nvevolutia.com\/it\/#website\"},\"datePublished\":\"2025-04-16T09:11:57+00:00\",\"dateModified\":\"2025-05-02T10:20:30+00:00\",\"breadcrumb\":{\"@id\":\"https:\/\/www.nvevolutia.com\/it\/notizie\/#breadcrumb\"},\"inLanguage\":\"it-IT\",\"potentialAction\":[{\"@type\":\"ReadAction\",\"target\":[\"https:\/\/www.nvevolutia.com\/it\/notizie\/\"]}]},{\"@type\":\"BreadcrumbList\",\"@id\":\"https:\/\/www.nvevolutia.com\/it\/notizie\/#breadcrumb\",\"itemListElement\":[{\"@type\":\"ListItem\",\"position\":1,\"name\":\"Portada\",\"item\":\"https:\/\/www.nvevolutia.com\/it\/\"},{\"@type\":\"ListItem\",\"position\":2,\"name\":\"Notizie\"}]},{\"@type\":\"WebSite\",\"@id\":\"https:\/\/www.nvevolutia.com\/it\/#website\",\"url\":\"https:\/\/www.nvevolutia.com\/it\/\",\"name\":\"NVEVOLUTIA\",\"description\":\"NON TESSUTI\",\"potentialAction\":[{\"@type\":\"SearchAction\",\"target\":{\"@type\":\"EntryPoint\",\"urlTemplate\":\"https:\/\/www.nvevolutia.com\/it\/?s={search_term_string}\"},\"query-input\":{\"@type\":\"PropertyValueSpecification\",\"valueRequired\":true,\"valueName\":\"search_term_string\"}}],\"inLanguage\":\"it-IT\"}]}<\/script>\n<!-- \/ Yoast SEO plugin. -->","yoast_head_json":{"title":"Notizie - NVEVOLUTIA","robots":{"index":"index","follow":"follow","max-snippet":"max-snippet:-1","max-image-preview":"max-image-preview:large","max-video-preview":"max-video-preview:-1"},"canonical":"https:\/\/www.nvevolutia.com\/it\/notizie\/","og_locale":"it_IT","og_type":"article","og_title":"Notizie - NVEVOLUTIA","og_description":"NOTIZIE","og_url":"https:\/\/www.nvevolutia.com\/it\/notizie\/","og_site_name":"NVEVOLUTIA","article_modified_time":"2025-05-02T10:20:30+00:00","twitter_misc":{"Tempo di lettura stimato":"7 minuti"},"schema":{"@context":"https:\/\/schema.org","@graph":[{"@type":"WebPage","@id":"https:\/\/www.nvevolutia.com\/it\/notizie\/","url":"https:\/\/www.nvevolutia.com\/it\/notizie\/","name":"Notizie - NVEVOLUTIA","isPartOf":{"@id":"https:\/\/www.nvevolutia.com\/it\/#website"},"datePublished":"2025-04-16T09:11:57+00:00","dateModified":"2025-05-02T10:20:30+00:00","breadcrumb":{"@id":"https:\/\/www.nvevolutia.com\/it\/notizie\/#breadcrumb"},"inLanguage":"it-IT","potentialAction":[{"@type":"ReadAction","target":["https:\/\/www.nvevolutia.com\/it\/notizie\/"]}]},{"@type":"BreadcrumbList","@id":"https:\/\/www.nvevolutia.com\/it\/notizie\/#breadcrumb","itemListElement":[{"@type":"ListItem","position":1,"name":"Portada","item":"https:\/\/www.nvevolutia.com\/it\/"},{"@type":"ListItem","position":2,"name":"Notizie"}]},{"@type":"WebSite","@id":"https:\/\/www.nvevolutia.com\/it\/#website","url":"https:\/\/www.nvevolutia.com\/it\/","name":"NVEVOLUTIA","description":"NON TESSUTI","potentialAction":[{"@type":"SearchAction","target":{"@type":"EntryPoint","urlTemplate":"https:\/\/www.nvevolutia.com\/it\/?s={search_term_string}"},"query-input":{"@type":"PropertyValueSpecification","valueRequired":true,"valueName":"search_term_string"}}],"inLanguage":"it-IT"}]}},"_links":{"self":[{"href":"https:\/\/www.nvevolutia.com\/it\/wp-json\/wp\/v2\/pages\/975","targetHints":{"allow":["GET"]}}],"collection":[{"href":"https:\/\/www.nvevolutia.com\/it\/wp-json\/wp\/v2\/pages"}],"about":[{"href":"https:\/\/www.nvevolutia.com\/it\/wp-json\/wp\/v2\/types\/page"}],"author":[{"embeddable":true,"href":"https:\/\/www.nvevolutia.com\/it\/wp-json\/wp\/v2\/users\/1"}],"replies":[{"embeddable":true,"href":"https:\/\/www.nvevolutia.com\/it\/wp-json\/wp\/v2\/comments?post=975"}],"version-history":[{"count":4,"href":"https:\/\/www.nvevolutia.com\/it\/wp-json\/wp\/v2\/pages\/975\/revisions"}],"predecessor-version":[{"id":1110,"href":"https:\/\/www.nvevolutia.com\/it\/wp-json\/wp\/v2\/pages\/975\/revisions\/1110"}],"wp:attachment":[{"href":"https:\/\/www.nvevolutia.com\/it\/wp-json\/wp\/v2\/media?parent=975"}],"curies":[{"name":"wp","href":"https:\/\/api.w.org\/{rel}","templated":true}]}}