{"id":89,"date":"2015-05-14T13:39:58","date_gmt":"2015-05-14T11:39:58","guid":{"rendered":"http:\/\/nvevolutia.dns-spain.com\/?page_id=89"},"modified":"2025-05-02T13:05:35","modified_gmt":"2025-05-02T11:05:35","slug":"politica-di-biscotti","status":"publish","type":"page","link":"https:\/\/www.nvevolutia.com\/it\/politica-di-biscotti\/","title":{"rendered":"Politica di biscotti"},"content":{"rendered":"<p>Un cookie \u00e8 un piccolo file di testo che viene memorizzato sul dispositivo dell&#8217;utente quando visita quasi tutte le pagine web. Vengono utilizzati per consentire al sito web di ricordare la visita dell&#8217;utente la volta successiva che naviga su quella pagina. Spesso i cookie memorizzano informazioni di natura tecnica, preferenze personali, personalizzazione dei contenuti, statistiche di utilizzo, link ai social network, accesso agli account utente, ecc. Lo scopo dei cookie \u00e8 quello di adattare il contenuto del sito web al vostro profilo e alle vostre esigenze. Senza i cookie, i servizi offerti da qualsiasi sito sarebbero notevolmente ridotti.<\/p>\n<p>&nbsp;<\/p>\n<p><strong>ULTERIORI INFORMAZIONI SUI COOKIE<\/strong><\/p>\n<p>Che cos&#8217;\u00e8 un biscotto?<\/p>\n<p>Un cookie \u00e8 un file di testo innocuo che viene memorizzato nel browser quando si visita una qualsiasi pagina web. L&#8217;utilit\u00e0 dei cookie consiste nel fatto che il web \u00e8 in grado di ricordare la visita dell&#8217;utente quando torna su quella pagina. Anche se molte persone non ne sono consapevoli, i cookie sono in uso da 20 anni, quando sono apparsi i primi browser per il World Wide Web.<\/p>\n<p>Che cos&#8217;\u00e8 un cookie?<\/p>\n<p>Non \u00e8 un virus, un cavallo di Troia, un worm, uno spam o uno spyware e non apre finestre pop-up.<\/p>\n<p>Quali informazioni memorizza un cookie?<\/p>\n<p>In genere i cookie non memorizzano informazioni sensibili sull&#8217;utente, come i dati della carta di credito o del conto bancario, le fotografie, l&#8217;identit\u00e0 o i dati personali, ecc. I dati memorizzati comprendono informazioni tecniche come il nome, l&#8217;indirizzo, il numero di telefono e l&#8217;indirizzo e-mail. I dati memorizzati comprendono informazioni tecniche, preferenze personali, personalizzazione dei contenuti, ecc.<\/p>\n<p>Il server web non si associa a voi come persona, ma al vostro browser. Infatti, se navigate regolarmente con Internet Explorer e provate a navigare nella stessa pagina web con Firefox o Chrome, vi accorgerete che la pagina web non si rende conto che siete la stessa persona perch\u00e9 in realt\u00e0 si sta associando al browser, non alla persona.<\/p>\n<p>Quali sono i diversi tipi di cookie?<\/p>\n<ul>\n<li>Cookie tecnici: sono i pi\u00f9 elementari e, tra l&#8217;altro, ci permettono di sapere quando un utente umano o un&#8217;applicazione automatizzata sta navigando, di sapere quando un utente anonimo e un utente registrato stanno navigando e di svolgere compiti fondamentali per il funzionamento di qualsiasi sito web dinamico.<\/li>\n<li>Cookie analitici: raccolgono informazioni sul tipo di navigazione effettuata, sulle sezioni del sito pi\u00f9 frequentemente utilizzate, sui prodotti consultati, sul fuso orario, sulla lingua, ecc.<\/li>\n<li>Cookie pubblicitari: visualizzano pubblicit\u00e0 in base alle abitudini di navigazione, al paese di provenienza, alla lingua, ecc.<\/li>\n<\/ul>\n<p>Cosa sono i cookie di prima parte e di terza parte?<\/p>\n<p>I cookie di prima parte sono quelli generati dalla pagina corrente, mentre i cookie di terze parti sono generati da fornitori interni o esterni come Facebook, Twitter, Google, ecc.<\/p>\n<p>Cosa succede se disabilito i cookie?<\/p>\n<p>Per aiutarvi a capire l&#8217;effetto dei cookie, vi mostriamo alcuni esempi di disattivazione.<\/p>\n<p>Non sar\u00e0 possibile condividere i contenuti di questa pagina web su Facebook, Twitter o altri social network.<\/p>\n<ul>\n<li>Il sito non adatter\u00e0 il contenuto alle preferenze personali dell&#8217;utente, come spesso accade nei negozi online.<\/li>\n<li>Non sar\u00e0 possibile accedere all&#8217;area personale del sito web, come Il mio account, Il mio profilo o I miei ordini.<\/li>\n<li>Negozi online: non sar\u00e0 possibile effettuare acquisti online, bisogner\u00e0 telefonare o recarsi fisicamente in negozio, se possibile.<\/li>\n<li>Non sar\u00e0 possibile personalizzare le preferenze geografiche, come il fuso orario, la valuta o la lingua.<\/li>\n<li>Il sito web non sar\u00e0 in grado di eseguire analisi web sui visitatori e sul traffico web, rendendo difficile la competitivit\u00e0 della pagina web.<\/li>\n<li>Non potrete scrivere nel blog, non potrete caricare foto, postare commenti, valutare o votare i contenuti. Il web potrebbe non sapere se siete un essere umano o un&#8217;applicazione automatica che pubblica spam.<\/li>\n<li>Non \u00e8 possibile mostrare pubblicit\u00e0 mirata, il che ridurr\u00e0 le entrate pubblicitarie del sito web.<\/li>\n<li>Tutti i social network utilizzano i cookie; se questi sono disattivati non \u00e8 possibile utilizzare alcun social network.<\/li>\n<\/ul>\n<p>I cookie possono essere cancellati?<\/p>\n<p>S\u00ec. Non solo \u00e8 possibile cancellarli, ma anche bloccarli, in generale o in particolare per un dominio specifico. Non solo \u00e8 possibile eliminarli, ma anche bloccarli, in generale o in particolare per un dominio specifico.<\/p>\n<p>Per eliminare i cookie da un sito web, accedere alle impostazioni del browser, individuare quelli associati al dominio in questione ed eliminarli.<\/p>\n<p>Impostazioni dei cookie per i browser pi\u00f9 diffusi<\/p>\n<p>Di seguito vi mostriamo come gestire un particolare cookie in Google <strong>Chrome<\/strong>. Nota bene: questi passaggi possono variare a seconda della versione del browser:<\/p>\n<ol>\n<li>Accedere a Impostazioni o Preferenze utilizzando il menu File o facendo clic sull&#8217;icona di personalizzazione visualizzata nell&#8217;angolo superiore destro.<\/li>\n<li>Verranno visualizzate diverse sezioni, fare clic su Mostra impostazioni avanzate.<\/li>\n<li>Andare su Privacy, Impostazioni dei contenuti.<\/li>\n<li>Selezionare Tutti i cookie e i dati del sito.<\/li>\n<li>Apparir\u00e0 un elenco di tutti i cookie, ordinati per dominio. Per trovare facilmente i cookie di un dominio specifico, inserire l&#8217;indirizzo parzialmente o completamente nel campo Cerca cookie.<\/li>\n<li>Dopo aver applicato questo filtro, sullo schermo appariranno una o pi\u00f9 righe con i cookie del sito web richiesto. A questo punto \u00e8 sufficiente selezionarle e premere la X per procedere alla loro eliminazione.<\/li>\n<\/ol>\n<p>Per accedere alle impostazioni dei cookie in <strong>Internet Explorer<\/strong>, seguite i seguenti passaggi (che possono variare a seconda della versione del browser):<\/p>\n<ol>\n<li>Andare su Strumenti, Opzioni Internet<\/li>\n<li>Fare clic su Privacy.<\/li>\n<li>Spostare il cursore per regolare il livello di privacy desiderato.<\/li>\n<\/ol>\n<p>Per gestire le impostazioni dei cookie nel browser <strong>Firefox<\/strong>, seguite i seguenti passaggi (che possono variare a seconda della versione del browser):<\/p>\n<ol>\n<li>Andare su Opzioni o Preferenze, a seconda del sistema operativo.<\/li>\n<li>Fare clic su Privacy.<\/li>\n<li>In Cronologia scegliere Utilizza impostazioni personalizzate per la cronologia.<\/li>\n<li>A questo punto viene visualizzata l&#8217;opzione Accetta i cookie, che pu\u00f2 essere attivata o disattivata a piacere.<\/li>\n<\/ol>\n<p>Per gestire le impostazioni dei cookie in <strong>Safari per OS X<\/strong> seguite questi passaggi (che possono variare a seconda della versione del browser):<\/p>\n<ol>\n<li>Andare su Impostazioni, quindi su Privacy.<\/li>\n<li>Qui si trover\u00e0 l&#8217;opzione Blocca cookie per regolare il tipo di blocco che si preferisce.<\/li>\n<\/ol>\n<p>Per gestire le impostazioni dei cookie in <strong>Safari per iOS<\/strong> seguite questi passaggi (possono variare a seconda della versione del browser):<\/p>\n<ol>\n<li>Andare su Impostazioni, quindi su Safari.<\/li>\n<li>Andando su Privacy e sicurezza, si vedr\u00e0 l&#8217;opzione Blocca cookie per regolare il tipo di blocco che si preferisce.<\/li>\n<\/ol>\n<p>Per gestire le impostazioni dei cookie nei dispositivi <strong>Android<\/strong> seguite i seguenti passaggi (possono variare a seconda della versione del browser):<\/p>\n<ol>\n<li>Aprire il browser e premere Menu, quindi il pulsante Impostazioni.<\/li>\n<li>Andando su Sicurezza e privacy, si vedr\u00e0 l&#8217;opzione Accetta i cookie e si potr\u00e0 attivare o disattivare la casella di controllo.<\/li>\n<\/ol>\n<p>Per gestire le impostazioni dei cookie nei dispositivi <strong>Windows Phone<\/strong>, seguite questi passaggi (che possono variare a seconda della versione del browser):<\/p>\n<ol>\n<li>Aprire Internet Explorer, quindi Pi\u00f9, quindi Impostazioni.<\/li>\n<li>Ora \u00e8 possibile attivare o disattivare la casella di controllo Consenti cookie.<\/li>\n<\/ol>\n<p>&nbsp;<\/p>\n<p>Cookie utilizzati in questo sito web<\/p>\n<p>Seguendo le linee guida dell&#8217;Agenzia spagnola per la protezione dei dati, descriveremo ora l&#8217;uso dei cookie su questo sito web, al fine di informarvi con la massima precisione possibile.<\/p>\n<p>Questo sito web utilizza i seguenti <strong>cookie di terze parti<\/strong>:<\/p>\n<ul>\n<li>Google Analytics: memorizza i cookie per l&#8217;analisi statistica del traffico e del numero di visite a questo sito web, nonch\u00e9 della lingua utilizzata. Utilizzando il presente sito web, l&#8217;utente acconsente al trattamento delle proprie informazioni da parte di Google. Pertanto, per esercitare qualsiasi diritto al riguardo, dovete comunicare direttamente con Google. <strong>(g. APISID, CONSENT, HSID, NID, SID, _ga, _gat )<\/strong><\/li>\n<\/ul>\n<p>Disabilitare o cancellare i cookie<\/p>\n<p>L&#8217;utente pu\u00f2 esercitare il diritto di disabilitare o eliminare i cookie da questo sito web in qualsiasi momento. Queste azioni vengono eseguite in modo diverso a seconda del browser utilizzato. \u00c8 importante sottolineare che queste tecnologie non sono invasive, poich\u00e9 tutte le informazioni ottenute tramite i cookie sono completamente anonime e non possono in nessun caso essere associate a un utente specifico e identificato. Queste informazioni consentono a <strong>NV EVOLUTIA, S.L.<\/strong> di adattare e migliorare i propri Servizi agli interessi degli utenti. Tuttavia, l&#8217;utente ha la possibilit\u00e0 di impedire la generazione di cookie selezionando l&#8217;opzione appropriata nel proprio browser. <strong>NV EVOLUTIA, S.L.<\/strong> informa che nel caso in cui l&#8217;utente disabiliti l&#8217;uso dei cookie, la navigazione potrebbe risultare pi\u00f9 lenta del solito.<\/p>\n<p>D&#8217;altra parte, per quanto riguarda i componenti aggiuntivi di entit\u00e0 esterne (come i servizi di Google Inc) utilizzati nel nostro portale web, consigliamo a tutti gli utenti di accedere alle politiche sulla privacy di ciascun fornitore di servizi per ottenere maggiori informazioni:<\/p>\n<p>&nbsp;<\/p>\n<p><em>&#8211; http:\/\/www.google.es\/intl\/es\/policies\/privacy\/<\/em><\/p>\n<p>&nbsp;<\/p>\n<p>Note aggiuntive<\/p>\n<ul>\n<li>N\u00e9 questo sito n\u00e9 i suoi rappresentanti legali sono responsabili dei contenuti o della veridicit\u00e0 delle politiche sulla privacy delle terze parti menzionate in questa politica sui cookie.<\/li>\n<li>I browser web sono gli strumenti responsabili della memorizzazione dei cookie e sono quelli in cui l&#8217;utente dovrebbe esercitare il proprio diritto di cancellarli o disabilitarli. N\u00e9 il presente sito web n\u00e9 i suoi rappresentanti legali possono garantire la corretta o impropria gestione dei cookie da parte dei suddetti browser.<\/li>\n<li>In alcuni casi, \u00e8 necessario installare i cookie affinch\u00e9 il browser non dimentichi la vostra decisione di rifiutarli.<\/li>\n<li>Nel caso dei cookie di Google Analytics, l&#8217;azienda memorizza i cookie su server negli Stati Uniti e si impegna a non condividere i dati con terze parti, tranne quando necessario per il funzionamento del sistema o quando richiesto dalla legge a tal fine. Google dichiara di non memorizzare l&#8217;indirizzo IP dell&#8217;utente. Google Inc. \u00e8 una societ\u00e0 che aderisce all&#8217;accordo Safe Harbour, che garantisce che tutti i dati trasferiti saranno trattati con un livello di protezione conforme alle normative europee.<\/li>\n<li>In caso di domande su questa politica dei cookie, non esitate a contattarci attraverso la sezione Contatti.<\/li>\n<\/ul>\n","protected":false},"excerpt":{"rendered":"<p>Un cookie \u00e8 un piccolo file di testo che viene memorizzato sul dispositivo dell&#8217;utente quando visita quasi tutte le pagine web. Vengono utilizzati per consentire al sito web di ricordare la visita dell&#8217;utente la volta successiva che naviga su quella pagina. Spesso i cookie memorizzano informazioni di natura tecnica, preferenze personali, personalizzazione dei contenuti, statistiche &hellip; <a href=\"https:\/\/www.nvevolutia.com\/it\/politica-di-biscotti\/\" class=\"more-link\">Continue reading <span class=\"screen-reader-text\">Politica di biscotti<\/span><\/a><\/p>\n","protected":false},"author":1,"featured_media":0,"parent":0,"menu_order":0,"comment_status":"closed","ping_status":"closed","template":"page-politicas.php","meta":{"_joinchat":[],"footnotes":""},"class_list":["post-89","page","type-page","status-publish","hentry"],"yoast_head":"<!-- This site is optimized with the Yoast SEO plugin v24.8.1 - https:\/\/yoast.com\/wordpress\/plugins\/seo\/ -->\n<title>Politica di biscotti - NVEVOLUTIA<\/title>\n<meta name=\"robots\" content=\"index, follow, max-snippet:-1, max-image-preview:large, max-video-preview:-1\" \/>\n<link rel=\"canonical\" href=\"https:\/\/www.nvevolutia.com\/it\/politica-di-biscotti\/\" \/>\n<meta property=\"og:locale\" content=\"it_IT\" \/>\n<meta property=\"og:type\" content=\"article\" \/>\n<meta property=\"og:title\" content=\"Politica di biscotti - NVEVOLUTIA\" \/>\n<meta property=\"og:description\" content=\"Un cookie \u00e8 un piccolo file di testo che viene memorizzato sul dispositivo dell&#8217;utente quando visita quasi tutte le pagine web. Vengono utilizzati per consentire al sito web di ricordare la visita dell&#8217;utente la volta successiva che naviga su quella pagina. Spesso i cookie memorizzano informazioni di natura tecnica, preferenze personali, personalizzazione dei contenuti, statistiche &hellip; Continue reading Politica di biscotti\" \/>\n<meta property=\"og:url\" content=\"https:\/\/www.nvevolutia.com\/it\/politica-di-biscotti\/\" \/>\n<meta property=\"og:site_name\" content=\"NVEVOLUTIA\" \/>\n<meta property=\"article:modified_time\" content=\"2025-05-02T11:05:35+00:00\" \/>\n<meta name=\"twitter:label1\" content=\"Tempo di lettura stimato\" \/>\n\t<meta name=\"twitter:data1\" content=\"8 minuti\" \/>\n<script type=\"application\/ld+json\" class=\"yoast-schema-graph\">{\"@context\":\"https:\/\/schema.org\",\"@graph\":[{\"@type\":\"WebPage\",\"@id\":\"https:\/\/www.nvevolutia.com\/it\/politica-di-biscotti\/\",\"url\":\"https:\/\/www.nvevolutia.com\/it\/politica-di-biscotti\/\",\"name\":\"Politica di biscotti - NVEVOLUTIA\",\"isPartOf\":{\"@id\":\"https:\/\/www.nvevolutia.com\/it\/#website\"},\"datePublished\":\"2015-05-14T11:39:58+00:00\",\"dateModified\":\"2025-05-02T11:05:35+00:00\",\"breadcrumb\":{\"@id\":\"https:\/\/www.nvevolutia.com\/it\/politica-di-biscotti\/#breadcrumb\"},\"inLanguage\":\"it-IT\",\"potentialAction\":[{\"@type\":\"ReadAction\",\"target\":[\"https:\/\/www.nvevolutia.com\/it\/politica-di-biscotti\/\"]}]},{\"@type\":\"BreadcrumbList\",\"@id\":\"https:\/\/www.nvevolutia.com\/it\/politica-di-biscotti\/#breadcrumb\",\"itemListElement\":[{\"@type\":\"ListItem\",\"position\":1,\"name\":\"Portada\",\"item\":\"https:\/\/www.nvevolutia.com\/it\/\"},{\"@type\":\"ListItem\",\"position\":2,\"name\":\"Politica di biscotti\"}]},{\"@type\":\"WebSite\",\"@id\":\"https:\/\/www.nvevolutia.com\/it\/#website\",\"url\":\"https:\/\/www.nvevolutia.com\/it\/\",\"name\":\"NVEVOLUTIA\",\"description\":\"NON TESSUTI\",\"potentialAction\":[{\"@type\":\"SearchAction\",\"target\":{\"@type\":\"EntryPoint\",\"urlTemplate\":\"https:\/\/www.nvevolutia.com\/it\/?s={search_term_string}\"},\"query-input\":{\"@type\":\"PropertyValueSpecification\",\"valueRequired\":true,\"valueName\":\"search_term_string\"}}],\"inLanguage\":\"it-IT\"}]}<\/script>\n<!-- \/ Yoast SEO plugin. -->","yoast_head_json":{"title":"Politica di biscotti - NVEVOLUTIA","robots":{"index":"index","follow":"follow","max-snippet":"max-snippet:-1","max-image-preview":"max-image-preview:large","max-video-preview":"max-video-preview:-1"},"canonical":"https:\/\/www.nvevolutia.com\/it\/politica-di-biscotti\/","og_locale":"it_IT","og_type":"article","og_title":"Politica di biscotti - NVEVOLUTIA","og_description":"Un cookie \u00e8 un piccolo file di testo che viene memorizzato sul dispositivo dell&#8217;utente quando visita quasi tutte le pagine web. Vengono utilizzati per consentire al sito web di ricordare la visita dell&#8217;utente la volta successiva che naviga su quella pagina. Spesso i cookie memorizzano informazioni di natura tecnica, preferenze personali, personalizzazione dei contenuti, statistiche &hellip; Continue reading Politica di biscotti","og_url":"https:\/\/www.nvevolutia.com\/it\/politica-di-biscotti\/","og_site_name":"NVEVOLUTIA","article_modified_time":"2025-05-02T11:05:35+00:00","twitter_misc":{"Tempo di lettura stimato":"8 minuti"},"schema":{"@context":"https:\/\/schema.org","@graph":[{"@type":"WebPage","@id":"https:\/\/www.nvevolutia.com\/it\/politica-di-biscotti\/","url":"https:\/\/www.nvevolutia.com\/it\/politica-di-biscotti\/","name":"Politica di biscotti - NVEVOLUTIA","isPartOf":{"@id":"https:\/\/www.nvevolutia.com\/it\/#website"},"datePublished":"2015-05-14T11:39:58+00:00","dateModified":"2025-05-02T11:05:35+00:00","breadcrumb":{"@id":"https:\/\/www.nvevolutia.com\/it\/politica-di-biscotti\/#breadcrumb"},"inLanguage":"it-IT","potentialAction":[{"@type":"ReadAction","target":["https:\/\/www.nvevolutia.com\/it\/politica-di-biscotti\/"]}]},{"@type":"BreadcrumbList","@id":"https:\/\/www.nvevolutia.com\/it\/politica-di-biscotti\/#breadcrumb","itemListElement":[{"@type":"ListItem","position":1,"name":"Portada","item":"https:\/\/www.nvevolutia.com\/it\/"},{"@type":"ListItem","position":2,"name":"Politica di biscotti"}]},{"@type":"WebSite","@id":"https:\/\/www.nvevolutia.com\/it\/#website","url":"https:\/\/www.nvevolutia.com\/it\/","name":"NVEVOLUTIA","description":"NON TESSUTI","potentialAction":[{"@type":"SearchAction","target":{"@type":"EntryPoint","urlTemplate":"https:\/\/www.nvevolutia.com\/it\/?s={search_term_string}"},"query-input":{"@type":"PropertyValueSpecification","valueRequired":true,"valueName":"search_term_string"}}],"inLanguage":"it-IT"}]}},"_links":{"self":[{"href":"https:\/\/www.nvevolutia.com\/it\/wp-json\/wp\/v2\/pages\/89","targetHints":{"allow":["GET"]}}],"collection":[{"href":"https:\/\/www.nvevolutia.com\/it\/wp-json\/wp\/v2\/pages"}],"about":[{"href":"https:\/\/www.nvevolutia.com\/it\/wp-json\/wp\/v2\/types\/page"}],"author":[{"embeddable":true,"href":"https:\/\/www.nvevolutia.com\/it\/wp-json\/wp\/v2\/users\/1"}],"replies":[{"embeddable":true,"href":"https:\/\/www.nvevolutia.com\/it\/wp-json\/wp\/v2\/comments?post=89"}],"version-history":[{"count":6,"href":"https:\/\/www.nvevolutia.com\/it\/wp-json\/wp\/v2\/pages\/89\/revisions"}],"predecessor-version":[{"id":1127,"href":"https:\/\/www.nvevolutia.com\/it\/wp-json\/wp\/v2\/pages\/89\/revisions\/1127"}],"wp:attachment":[{"href":"https:\/\/www.nvevolutia.com\/it\/wp-json\/wp\/v2\/media?parent=89"}],"curies":[{"name":"wp","href":"https:\/\/api.w.org\/{rel}","templated":true}]}}